{"id":795,"date":"2024-11-14T16:23:28","date_gmt":"2024-11-14T16:23:28","guid":{"rendered":"https:\/\/redlabeurope.com\/?page_id=795"},"modified":"2024-11-17T20:21:10","modified_gmt":"2024-11-17T20:21:10","slug":"795-2","status":"publish","type":"page","link":"https:\/\/redlabeurope.com\/index.php\/795-2\/","title":{"rendered":"BLOG"},"content":{"rendered":"<p>[et_pb_section fb_built=\u00bb1&#8243; admin_label=\u00bbBlog\u00bb _builder_version=\u00bb4.25.2&#8243; _module_preset=\u00bbdefault\u00bb locked=\u00bboff\u00bb global_colors_info=\u00bb{}\u00bb][et_pb_row _builder_version=\u00bb4.27.3&#8243; _module_preset=\u00bbdefault\u00bb max_width=\u00bb1320px\u00bb custom_margin=\u00bb-47px||||false|false\u00bb custom_margin_tablet=\u00bb-47px||||false|false\u00bb custom_margin_phone=\u00bb-77px||||false|false\u00bb custom_margin_last_edited=\u00bbon|phone\u00bb global_colors_info=\u00bb{}\u00bb][et_pb_column type=\u00bb4_4&#8243; _builder_version=\u00bb4.25.2&#8243; _module_preset=\u00bbdefault\u00bb global_colors_info=\u00bb{}\u00bb][et_pb_heading title=\u00bb Blog\u00bb _builder_version=\u00bb4.27.3&#8243; _module_preset=\u00bb8e5f8ab4-0f1d-4050-8629-4b7ec35a61bc\u00bb title_font=\u00bb&#8211;et_global_heading_font|700|||||||\u00bb title_text_align=\u00bbcenter\u00bb title_font_size=\u00bb100px\u00bb custom_margin=\u00bb-13px||67px||false|false\u00bb custom_margin_tablet=\u00bb-13px||67px||false|false\u00bb custom_margin_phone=\u00bb||35px||false|false\u00bb custom_margin_last_edited=\u00bbon|phone\u00bb custom_padding=\u00bb0px||||false|false\u00bb title_font_size_phone=\u00bb79px\u00bb text_shadow_style=\u00bbpreset1&#8243; global_colors_info=\u00bb{}\u00bb][\/et_pb_heading][et_pb_blog posts_number=\u00bb4&#8243; include_categories=\u00bball\u00bb excerpt_length=\u00bb150&#8243; show_author=\u00bbon\u00bb _builder_version=\u00bb4.27.3&#8243; _module_preset=\u00bbea2c4270-fd73-4eca-8e59-05c74adfa5ef\u00bb header_font=\u00bb&#8211;et_global_heading_font||||||||\u00bb meta_font=\u00bb&#8211;et_global_body_font|||on|||||\u00bb box_shadow_style=\u00bbpreset1&#8243; global_colors_info=\u00bb{}\u00bb][\/et_pb_blog][\/et_pb_column][\/et_pb_row][et_pb_row use_custom_gutter=\u00bbon\u00bb make_equal=\u00bbon\u00bb _builder_version=\u00bb4.27.3&#8243; _module_preset=\u00bbdefault\u00bb module_alignment=\u00bbcenter\u00bb global_colors_info=\u00bb{}\u00bb][et_pb_column type=\u00bb4_4&#8243; _builder_version=\u00bb4.27.3&#8243; _module_preset=\u00bbdefault\u00bb global_colors_info=\u00bb{}\u00bb][et_pb_text _builder_version=\u00bb4.27.3&#8243; _module_preset=\u00bbdefault\u00bb text_font=\u00bb&#8211;et_global_body_font||||||||\u00bb header_4_text_align=\u00bbcenter\u00bb hover_enabled=\u00bb0&#8243; global_colors_info=\u00bb{}\u00bb custom_padding=\u00bb0px||0px||false|false\u00bb sticky_enabled=\u00bb0&#8243;]<\/p>\n<h4 class=\"p1\"><b>Suscr\u00edbete a nuestro blog<\/b><\/h4>\n<p class=\"p1\" style=\"text-align: center;\">Descubre las \u00faltimas tendencias en cosm\u00e9tica, estrategias para tu marca y consejos exclusivos. \u00a1Recibe contenido de valor directo en tu correo!<\/p>\n<p>[\/et_pb_text][\/et_pb_column][\/et_pb_row][et_pb_row _builder_version=\u00bb4.27.3&#8243; _module_preset=\u00bbdefault\u00bb custom_margin=\u00bb0px||0px||false|false\u00bb custom_padding=\u00bb0px||0px||false|false\u00bb hover_enabled=\u00bb0&#8243; sticky_enabled=\u00bb0&#8243;][et_pb_column _builder_version=\u00bb4.27.3&#8243; _module_preset=\u00bbdefault\u00bb type=\u00bb4_4&#8243;][et_pb_code _builder_version=\u00bb4.27.3&#8243; _module_preset=\u00bbdefault\u00bb hover_enabled=\u00bb0&#8243; sticky_enabled=\u00bb0&#8243;]<div class=\"et_bloom_inline_form et_bloom_optin et_bloom_make_form_visible et_bloom_optin_2\" style=\"display: none;\" data-success_action_details=\"redirect_url|https:\/\/redlabeurope.com\/\">\n\t\t\t\t<style type=\"text\/css\">.et_bloom .et_bloom_optin_2 .et_bloom_form_content { background-color: #ffffff !important; } .et_bloom .et_bloom_optin_2 .et_bloom_form_container .et_bloom_form_header { background-color: #ffffff !important; } .et_bloom .et_bloom_optin_2 .et_bloom_form_content button { background-color: #a4d3e3 !important; } .et_bloom .et_bloom_optin_2 .et_bloom_form_content .et_bloom_fields i { color: #a4d3e3 !important; } .et_bloom .et_bloom_optin_2 .et_bloom_form_content .et_bloom_custom_field_radio i:before { background: #a4d3e3 !important; } .et_bloom .et_bloom_optin_2 .et_bloom_form_content button { background-color: #a4d3e3 !important; } .et_bloom .et_bloom_optin_2 .et_bloom_form_container h2, .et_bloom .et_bloom_optin_2 .et_bloom_form_container h2 span, .et_bloom .et_bloom_optin_2 .et_bloom_form_container h2 strong { font-family: \"Open Sans Condensed\", Helvetica, Arial, Lucida, sans-serif; }.et_bloom .et_bloom_optin_2 .et_bloom_form_container p, .et_bloom .et_bloom_optin_2 .et_bloom_form_container p span, .et_bloom .et_bloom_optin_2 .et_bloom_form_container p strong, .et_bloom .et_bloom_optin_2 .et_bloom_form_container form input, .et_bloom .et_bloom_optin_2 .et_bloom_form_container form button span { font-family: \"Open Sans\", Helvetica, Arial, Lucida, sans-serif; } <\/style>\n\t\t\t\t<div class=\"et_bloom_form_container  et_bloom_rounded et_bloom_form_text_light et_bloom_form_right et_bloom_inline_2_fields et_bloom_success_action\">\n\t\t\t\t\t\n\t\t\t<div class=\"et_bloom_form_container_wrapper clearfix\">\n\t\t\t\t<div class=\"et_bloom_header_outer\">\n\t\t\t\t\t<div class=\"et_bloom_form_header et_bloom_header_text_light\">\n\t\t\t\t\t\t\n\t\t\t\t\t\t\n\t\t\t\t\t\t<img loading=\"lazy\" decoding=\"async\" width=\"500\" height=\"350\" src=\"https:\/\/redlabeurope.com\/wp-content\/uploads\/2024\/11\/Suscribete-a-nuestra-Newsletter-500-x-350-px-3.webp\" class=\" et_bloom_image_no_animation et_bloom_image\" alt=\"\" srcset=\"https:\/\/redlabeurope.com\/wp-content\/uploads\/2024\/11\/Suscribete-a-nuestra-Newsletter-500-x-350-px-3.webp 500w, https:\/\/redlabeurope.com\/wp-content\/uploads\/2024\/11\/Suscribete-a-nuestra-Newsletter-500-x-350-px-3-480x336.webp 480w\" sizes=\"(min-width: 0px) and (max-width: 480px) 480px, (min-width: 481px) 500px, 100vw\" \/>\n\t\t\t\t\t<\/div>\n\t\t\t\t<\/div>\n\t\t\t\t<div class=\"et_bloom_form_content et_bloom_2_fields\">\n\t\t\t\t\t\n\t\t\t\t\t\n\t\t\t\t\t<form method=\"post\" class=\"clearfix\">\n\t\t\t\t\t\t<div class=\"et_bloom_fields\">\n\t\t\t\t\t\t\t<p class=\"et_bloom_popup_input et_bloom_subscribe_name\">\n\t\t\t\t\t\t\t\t<input placeholder=\"Tu Nombre\" maxlength=\"50\">\n\t\t\t\t\t\t\t<\/p>\n\t\t\t\t\t\t\t<p class=\"et_bloom_popup_input et_bloom_subscribe_email\">\n\t\t\t\t\t\t\t\t<input placeholder=\"Email\">\n\t\t\t\t\t\t\t<\/p>\n\t\t\t\t\t\t\t\n\t\t\t\t\t\t\t<button data-optin_id=\"optin_2\" data-service=\"mailchimp\" data-list_id=\"02a5589e1f\" data-page_id=\"795\" data-account=\"redluisfe\" data-ip_address=\"true\" class=\"et_bloom_submit_subscription\">\n\t\t\t\t\t\t\t\t<span class=\"et_bloom_subscribe_loader\"><\/span>\n\t\t\t\t\t\t\t\t<span class=\"et_bloom_button_text et_bloom_button_text_color_dark\">Suscr\u00edbete!<\/span>\n\t\t\t\t\t\t\t<\/button>\n\t\t\t\t\t\t<\/div>\n\t\t\t\t\t<\/form>\n\t\t\t\t\t<div class=\"et_bloom_success_container\">\n\t\t\t\t\t\t<span class=\"et_bloom_success_checkmark\"><\/span>\n\t\t\t\t\t<\/div>\n\t\t\t\t\t<h2 class=\"et_bloom_success_message\">\u00a1Registro exitoso!<\/h2>\n\t\t\t\t\t\n\t\t\t\t<\/div>\n\t\t\t<\/div>\n\t\t\t<span class=\"et_bloom_close_button\"><\/span>\n\t\t\t\t<\/div>\n\t\t\t<\/div><!-- [et_pb_line_break_holder] -->[\/et_pb_code][\/et_pb_column][\/et_pb_row][\/et_pb_section]<\/p>\n","protected":false},"excerpt":{"rendered":"<p>Suscr\u00edbete a nuestro blog Descubre las \u00faltimas tendencias en cosm\u00e9tica, estrategias para tu marca y consejos exclusivos. \u00a1Recibe contenido de valor directo en tu correo!<div class=\"et_bloom_inline_form et_bloom_optin et_bloom_make_form_visible et_bloom_optin_2\" style=\"display: none;\" data-success_action_details=\"redirect_url|https:\/\/redlabeurope.com\/\">\n\t\t\t\t<style type=\"text\/css\">.et_bloom .et_bloom_optin_2 .et_bloom_form_content { background-color: #ffffff !important; } .et_bloom .et_bloom_optin_2 .et_bloom_form_container .et_bloom_form_header { background-color: #ffffff !important; } .et_bloom .et_bloom_optin_2 .et_bloom_form_content button { background-color: #a4d3e3 !important; } .et_bloom .et_bloom_optin_2 .et_bloom_form_content .et_bloom_fields i { color: #a4d3e3 !important; } .et_bloom .et_bloom_optin_2 .et_bloom_form_content .et_bloom_custom_field_radio i:before { background: #a4d3e3 !important; } .et_bloom .et_bloom_optin_2 .et_bloom_form_content button { background-color: #a4d3e3 !important; } .et_bloom .et_bloom_optin_2 .et_bloom_form_container h2, .et_bloom .et_bloom_optin_2 .et_bloom_form_container h2 span, .et_bloom .et_bloom_optin_2 .et_bloom_form_container h2 strong { font-family: \"Open Sans Condensed\", Helvetica, Arial, Lucida, sans-serif; }.et_bloom .et_bloom_optin_2 .et_bloom_form_container p, .et_bloom .et_bloom_optin_2 .et_bloom_form_container p span, .et_bloom .et_bloom_optin_2 .et_bloom_form_container p strong, .et_bloom .et_bloom_optin_2 .et_bloom_form_container form input, .et_bloom .et_bloom_optin_2 .et_bloom_form_container form button span { font-family: \"Open Sans\", Helvetica, Arial, Lucida, sans-serif; } <\/style>\n\t\t\t\t<div class=\"et_bloom_form_container  et_bloom_rounded et_bloom_form_text_light et_bloom_form_right et_bloom_inline_2_fields et_bloom_success_action\">\n\t\t\t\t\t\n\t\t\t<div class=\"et_bloom_form_container_wrapper clearfix\">\n\t\t\t\t<div class=\"et_bloom_header_outer\">\n\t\t\t\t\t<div class=\"et_bloom_form_header et_bloom_header_text_light\">\n\t\t\t\t\t\t\n\t\t\t\t\t\t\n\t\t\t\t\t\t<img width=\"500\" height=\"350\" src=\"https:\/\/redlabeurope.com\/wp-content\/uploads\/2024\/11\/Suscribete-a-nuestra-Newsletter-500-x-350-px-3.webp\" class=\" et_bloom_image_no_animation et_bloom_image\" alt=\"\" decoding=\"async\" loading=\"lazy\" srcset=\"https:\/\/redlabeurope.com\/wp-content\/uploads\/2024\/11\/Suscribete-a-nuestra-Newsletter-500-x-350-px-3.webp 500w, https:\/\/redlabeurope.com\/wp-content\/uploads\/2024\/11\/Suscribete-a-nuestra-Newsletter-500-x-350-px-3-480x336.webp 480w\" sizes=\"(min-width: 0px) and (max-width: 480px) 480px, (min-width: 481px) 500px, 100vw\" \/>\n\t\t\t\t\t<\/div>\n\t\t\t\t<\/div>\n\t\t\t\t<div class=\"et_bloom_form_content et_bloom_2_fields\">\n\t\t\t\t\t\n\t\t\t\t\t\n\t\t\t\t\t<form method=\"post\" class=\"clearfix\">\n\t\t\t\t\t\t<div class=\"et_bloom_fields\">\n\t\t\t\t\t\t\t<p class=\"et_bloom_popup_input et_bloom_subscribe_name\">\n\t\t\t\t\t\t\t\t<input placeholder=\"Tu Nombre\" maxlength=\"50\">\n\t\t\t\t\t\t\t<\/p>\n\t\t\t\t\t\t\t<p class=\"et_bloom_popup_input et_bloom_subscribe_email\">\n\t\t\t\t\t\t\t\t<input placeholder=\"Email\">\n\t\t\t\t\t\t\t<\/p>\n\t\t\t\t\t\t\t\n\t\t\t\t\t\t\t<button data-optin_id=\"optin_2\" data-service=\"mailchimp\" data-list_id=\"02a5589e1f\" data-page_id=\"795\" data-account=\"redluisfe\" data-ip_address=\"true\" class=\"et_bloom_submit_subscription\">\n\t\t\t\t\t\t\t\t<span class=\"et_bloom_subscribe_loader\"><\/span>\n\t\t\t\t\t\t\t\t<span class=\"et_bloom_button_text et_bloom_button_text_color_dark\">Suscr\u00edbete!<\/span>\n\t\t\t\t\t\t\t<\/button>\n\t\t\t\t\t\t<\/div>\n\t\t\t\t\t<\/form>\n\t\t\t\t\t<div class=\"et_bloom_success_container\">\n\t\t\t\t\t\t<span class=\"et_bloom_success_checkmark\"><\/span>\n\t\t\t\t\t<\/div>\n\t\t\t\t\t<h2 class=\"et_bloom_success_message\">\u00a1Registro exitoso!<\/h2>\n\t\t\t\t\t\n\t\t\t\t<\/div>\n\t\t\t<\/div>\n\t\t\t<span class=\"et_bloom_close_button\"><\/span>\n\t\t\t\t<\/div>\n\t\t\t<\/div><\/p>\n","protected":false},"author":1,"featured_media":0,"parent":0,"menu_order":0,"comment_status":"closed","ping_status":"closed","template":"","meta":{"_et_pb_use_builder":"on","_et_pb_old_content":"","_et_gb_content_width":"","footnotes":""},"class_list":["post-795","page","type-page","status-publish","hentry"],"_links":{"self":[{"href":"https:\/\/redlabeurope.com\/index.php\/wp-json\/wp\/v2\/pages\/795","targetHints":{"allow":["GET"]}}],"collection":[{"href":"https:\/\/redlabeurope.com\/index.php\/wp-json\/wp\/v2\/pages"}],"about":[{"href":"https:\/\/redlabeurope.com\/index.php\/wp-json\/wp\/v2\/types\/page"}],"author":[{"embeddable":true,"href":"https:\/\/redlabeurope.com\/index.php\/wp-json\/wp\/v2\/users\/1"}],"replies":[{"embeddable":true,"href":"https:\/\/redlabeurope.com\/index.php\/wp-json\/wp\/v2\/comments?post=795"}],"version-history":[{"count":8,"href":"https:\/\/redlabeurope.com\/index.php\/wp-json\/wp\/v2\/pages\/795\/revisions"}],"predecessor-version":[{"id":878,"href":"https:\/\/redlabeurope.com\/index.php\/wp-json\/wp\/v2\/pages\/795\/revisions\/878"}],"wp:attachment":[{"href":"https:\/\/redlabeurope.com\/index.php\/wp-json\/wp\/v2\/media?parent=795"}],"curies":[{"name":"wp","href":"https:\/\/api.w.org\/{rel}","templated":true}]}}