{"id":642,"date":"2024-11-10T08:44:40","date_gmt":"2024-11-10T08:44:40","guid":{"rendered":"https:\/\/redlabeurope.com\/?page_id=642"},"modified":"2024-11-10T08:44:41","modified_gmt":"2024-11-10T08:44:41","slug":"politica-de-cookies","status":"publish","type":"page","link":"https:\/\/redlabeurope.com\/index.php\/politica-de-cookies\/","title":{"rendered":"Pol\u00edtica de cookies"},"content":{"rendered":"<p>[et_pb_section fb_built=\u00bb1&#8243; theme_builder_area=\u00bbpost_content\u00bb _builder_version=\u00bb4.27.2&#8243; _module_preset=\u00bbdefault\u00bb][et_pb_row _builder_version=\u00bb4.27.2&#8243; _module_preset=\u00bbdefault\u00bb theme_builder_area=\u00bbpost_content\u00bb][et_pb_column _builder_version=\u00bb4.27.2&#8243; _module_preset=\u00bbdefault\u00bb type=\u00bb4_4&#8243; theme_builder_area=\u00bbpost_content\u00bb][et_pb_text _builder_version=\u00bb4.27.2&#8243; _module_preset=\u00bbdefault\u00bb theme_builder_area=\u00bbpost_content\u00bb hover_enabled=\u00bb0&#8243; sticky_enabled=\u00bb0&#8243;]<\/p>\n<h1 class=\"p1\"><b>Pol\u00edtica de Cookies de RedLab Europe<\/b><\/h1>\n<p class=\"p2\">\n<p class=\"p1\">En cumplimiento de la Ley 34\/2002 de Servicios de la Sociedad de la Informaci\u00f3n y Comercio Electr\u00f3nico, le informamos sobre el uso de cookies en el sitio web de RedLab Europe (<a href=\"http:\/\/www.redlabeurope.com\">www.redlabeurope.com<\/a>) para facilitar y mejorar la navegaci\u00f3n de los usuarios, recordar sus preferencias y configuraciones, y optimizar la experiencia de uso del sitio.<\/p>\n<p class=\"p2\">\n<p class=\"p1\">Antes de utilizar nuestros servicios o funcionalidades, le recomendamos leer esta Pol\u00edtica de Cookies y Privacidad, junto con nuestros T\u00e9rminos y Condiciones, donde se detalla el uso y tratamiento de sus Datos Personales si fuese necesario.<\/p>\n<p class=\"p2\">\n<p class=\"p3\"><b>\u00bfQu\u00e9 es una cookie?<\/b><\/p>\n<p class=\"p2\">\n<p class=\"p1\">Una cookie es un peque\u00f1o archivo que se descarga en su dispositivo al acceder a determinadas p\u00e1ginas web. Las cookies permiten que un sitio web almacene y recupere informaci\u00f3n sobre su navegaci\u00f3n y preferencias de forma an\u00f3nima, facilitando la navegaci\u00f3n y la experiencia de uso en nuestra web. Las cookies no pueden da\u00f1ar su equipo, y al estar activadas ayudan a identificar y resolver posibles errores de navegaci\u00f3n. Si prefiere no instalar cookies o quiere ser informado antes de que se almacenen, puede configurar su navegador para que le notifique o evite su instalaci\u00f3n.<\/p>\n<p class=\"p2\">\n<p class=\"p3\"><b>Tipos de cookies<\/b><\/p>\n<p class=\"p2\">\n<p class=\"p4\"><b>1. Cookies de Rendimiento<\/b><\/p>\n<p class=\"p2\">\n<p class=\"p1\">Estas cookies recuerdan sus preferencias en nuestros servicios, como el volumen de reproductores de video o sonido y ajustes de transmisi\u00f3n de video, para que no tenga que configurarlos nuevamente en futuras visitas.<\/p>\n<p class=\"p2\">\n<p class=\"p4\"><b>2. Cookies de Geo-localizaci\u00f3n<\/b><\/p>\n<p class=\"p2\">\n<p class=\"p1\">Estas cookies identifican de forma an\u00f3nima el pa\u00eds desde donde se solicita un servicio, para poder orientar el contenido a su ubicaci\u00f3n espec\u00edfica.<\/p>\n<p class=\"p2\">\n<p class=\"p4\"><b>3. Cookies de Registro<\/b><\/p>\n<p class=\"p2\">\n<p class=\"p1\">Generadas cuando el usuario se registra o inicia sesi\u00f3n, estas cookies facilitan la navegaci\u00f3n manteni\u00e9ndolo identificado, incluso si cierra el navegador o apaga el dispositivo. Para salir de esta sesi\u00f3n, seleccione la opci\u00f3n \u201ccerrar sesi\u00f3n,\u201d eliminando la cookie.<\/p>\n<p class=\"p2\">\n<p class=\"p4\"><b>4. Cookies de Anal\u00edticas<\/b><\/p>\n<p class=\"p2\">\n<p class=\"p1\">Estas cookies, gestionadas por herramientas externas, permiten el an\u00e1lisis an\u00f3nimo de la navegaci\u00f3n de los usuarios, contabilizando el n\u00famero de visitantes, identificando los contenidos m\u00e1s visitados y distinguiendo entre nuevos usuarios y visitantes recurrentes.<\/p>\n<p class=\"p2\">\n<p class=\"p4\"><b>5. Cookies de Publicidad<\/b><\/p>\n<p class=\"p2\">\n<p class=\"p1\">Estas cookies almacenan informaci\u00f3n sobre los anuncios mostrados al usuario, como su duraci\u00f3n y frecuencia de visualizaci\u00f3n, para mostrar publicidad acorde a sus intereses.<\/p>\n<p class=\"p2\">\n<p class=\"p4\"><b>6. Cookies Publicitarias de Terceros<\/b><\/p>\n<p class=\"p2\">\n<p class=\"p1\">RedLab Europe tambi\u00e9n ofrece la opci\u00f3n de visualizar anuncios gestionados por terceros. Estos proveedores pueden instalar sus propias cookies, almacenando y accediendo a datos de navegaci\u00f3n de forma an\u00f3nima. En nuestro sitio, utilizamos DoubleClick (Google) para gestionar estos anuncios. Para m\u00e1s informaci\u00f3n, consulte la pol\u00edtica de privacidad de DoubleClick: <a href=\"https:\/\/www.google.es\/policies\/privacy\/ads\/#toc-doubleclick\">https:\/\/www.google.es\/policies\/privacy\/ads\/#toc-doubleclick<\/a>.<\/p>\n<p class=\"p2\">\n<p class=\"p3\"><b>Cookies utilizadas en nuestro sitio web<\/b><\/p>\n<p class=\"p2\">\n<p class=\"p1\">Las cookies de nuestro sitio web son de sesi\u00f3n y de terceros. Estas permiten almacenar y acceder a informaci\u00f3n relativa a su navegador, idioma, y otras configuraciones predeterminadas, as\u00ed como analizar su actividad para mejorar nuestros servicios y personalizar la experiencia de navegaci\u00f3n.<\/p>\n<p class=\"p2\">\n<p class=\"p4\"><b>Cookies Espec\u00edficas Utilizadas:<\/b><\/p>\n<p class=\"p5\">\n<p class=\"p4\"><b>Nombre<\/b><span class=\"s1\"><span class=\"Apple-tab-span\"> <\/span><\/span><b>Tipo<\/b><span class=\"s1\"><span class=\"Apple-tab-span\"> <\/span><\/span><b>Caducidad<\/b><span class=\"s1\"><span class=\"Apple-tab-span\"> <\/span><\/span><b>Finalidad<\/b><span class=\"s1\"><span class=\"Apple-tab-span\"> <\/span><\/span><b>Exenta<\/b><\/p>\n<p class=\"p4\">__utma<span class=\"s1\"><span class=\"Apple-tab-span\"> <\/span><\/span>Terceros (Google Analytics)<span class=\"s1\"><span class=\"Apple-tab-span\"> <\/span><\/span>2 a\u00f1os<span class=\"s1\"><span class=\"Apple-tab-span\"> <\/span><\/span>Identificar usuarios y sesiones<span class=\"s1\"><span class=\"Apple-tab-span\"> <\/span><\/span>No<\/p>\n<p class=\"p4\">__utmb<span class=\"s1\"><span class=\"Apple-tab-span\"> <\/span><\/span>Terceros (Google Analytics)<span class=\"s1\"><span class=\"Apple-tab-span\"> <\/span><\/span>30 minutos<span class=\"s1\"><span class=\"Apple-tab-span\"> <\/span><\/span>Determinar nuevas sesiones o visitas<span class=\"s1\"><span class=\"Apple-tab-span\"> <\/span><\/span>No<\/p>\n<p class=\"p4\">__utmc<span class=\"s1\"><span class=\"Apple-tab-span\"> <\/span><\/span>Terceros (Google Analytics)<span class=\"s1\"><span class=\"Apple-tab-span\"> <\/span><\/span>Al finalizar la sesi\u00f3n<span class=\"s1\"><span class=\"Apple-tab-span\"> <\/span><\/span>Uso con Urchin<span class=\"s1\"><span class=\"Apple-tab-span\"> <\/span><\/span>No<\/p>\n<p class=\"p4\">__utmz<span class=\"s1\"><span class=\"Apple-tab-span\"> <\/span><\/span>Terceros (Google Analytics)<span class=\"s1\"><span class=\"Apple-tab-span\"> <\/span><\/span>6 meses<span class=\"s1\"><span class=\"Apple-tab-span\"> <\/span><\/span>Almacena el origen del usuario<span class=\"s1\"><span class=\"Apple-tab-span\"> <\/span><\/span>No<\/p>\n<p class=\"p4\">__moove-gdpr-popup<span class=\"s1\"><span class=\"Apple-tab-span\"> <\/span><\/span>T\u00e9cnica (RGPD)<span class=\"s1\"><span class=\"Apple-tab-span\"> <\/span><\/span>1 a\u00f1o<span class=\"s1\"><span class=\"Apple-tab-span\"> <\/span><\/span>Distinguir usuarios y sesiones<span class=\"s1\"><span class=\"Apple-tab-span\"> <\/span><\/span>S\u00ed<\/p>\n<p class=\"p5\">\n<p class=\"p3\"><b>\u00bfC\u00f3mo deshabilitar las cookies en su navegador?<\/b><\/p>\n<p class=\"p2\">\n<p class=\"p1\">Puede configurar su navegador para recibir una notificaci\u00f3n de las cookies o impedir su instalaci\u00f3n en su equipo. Adem\u00e1s, puede revisar en su navegador qu\u00e9 cookies tiene instaladas y eliminarlas manualmente.<\/p>\n<p class=\"p2\">\n<p class=\"p1\">Consulte las siguientes gu\u00edas seg\u00fan su navegador:<\/p>\n<p class=\"p2\">\n<p class=\"p6\"><span class=\"Apple-tab-span\"> <\/span>\u2022<span class=\"Apple-tab-span\"> <\/span><b>Google Chrome<\/b>: <a href=\"https:\/\/support.google.com\/chrome\/answer\/95647?hl=es\">Gu\u00eda de administraci\u00f3n de cookies<\/a><\/p>\n<p class=\"p6\"><span class=\"Apple-tab-span\"> <\/span>\u2022<span class=\"Apple-tab-span\"> <\/span><b>Internet Explorer<\/b>: <a href=\"http:\/\/windows.microsoft.com\/es-es\/windows-vista\/cookies-frequently-asked-questions\">Preguntas frecuentes sobre cookies<\/a><\/p>\n<p class=\"p6\"><span class=\"Apple-tab-span\"> <\/span>\u2022<span class=\"Apple-tab-span\"> <\/span><b>Mozilla Firefox<\/b>: <a href=\"http:\/\/support.mozilla.org\/es\/kb\/habilitar-y-deshabilitar-cookies-que-los-sitios-we\">Habilitar y deshabilitar cookies<\/a><\/p>\n<p class=\"p6\"><span class=\"Apple-tab-span\"> <\/span>\u2022<span class=\"Apple-tab-span\"> <\/span><b>Safari<\/b>: <a href=\"http:\/\/www.apple.com\/es\/privacy\/use-of-cookies\/\">Uso de cookies<\/a><\/p>\n<p class=\"p6\"><span class=\"Apple-tab-span\"> <\/span>\u2022<span class=\"Apple-tab-span\"> <\/span><b>Opera<\/b>: <a href=\"http:\/\/help.opera.com\/Windows\/11.50\/es-ES\/cookies.html\">Cookies en Opera<\/a><\/p>\n<p class=\"p7\">\n<p class=\"p6\">Para deshabilitar el seguimiento de Google Analytics, visite: <a href=\"http:\/\/tools.google.com\/dlpage\/gaoptout\">http:\/\/tools.google.com\/dlpage\/gaoptout<\/a>.<\/p>\n<p class=\"p7\">\n<p class=\"p3\"><b>Actualizaciones y Cambios en la Pol\u00edtica de Cookies<\/b><\/p>\n<p class=\"p2\">\n<p class=\"p1\">RedLab Europe puede modificar esta Pol\u00edtica de Cookies en funci\u00f3n de cambios legislativos o normativos, o para adaptarse a las instrucciones de la Agencia Espa\u00f1ola de Protecci\u00f3n de Datos. Recomendamos a los usuarios revisar esta pol\u00edtica peri\u00f3dicamente. Cualquier cambio significativo ser\u00e1 comunicado a trav\u00e9s de nuestro sitio web o mediante correo electr\u00f3nico a los usuarios registrados.<\/p>\n<p class=\"p2\">\n<p class=\"p1\">Este texto establece claramente la Pol\u00edtica de Cookies para tu sitio web de RedLab Europe, detallando los tipos de cookies y su finalidad de manera profesional y completa.<\/p>\n<p>[\/et_pb_text][\/et_pb_column][\/et_pb_row][\/et_pb_section]<\/p>\n","protected":false},"excerpt":{"rendered":"<p>Pol\u00edtica de Cookies de RedLab Europe En cumplimiento de la Ley 34\/2002 de Servicios de la Sociedad de la Informaci\u00f3n y Comercio Electr\u00f3nico, le informamos sobre el uso de cookies en el sitio web de RedLab Europe (www.redlabeurope.com) para facilitar y mejorar la navegaci\u00f3n de los usuarios, recordar sus preferencias y configuraciones, y optimizar la [&hellip;]<\/p>\n","protected":false},"author":1,"featured_media":0,"parent":0,"menu_order":0,"comment_status":"closed","ping_status":"closed","template":"","meta":{"_et_pb_use_builder":"on","_et_pb_old_content":"","_et_gb_content_width":"","footnotes":""},"class_list":["post-642","page","type-page","status-publish","hentry"],"_links":{"self":[{"href":"https:\/\/redlabeurope.com\/index.php\/wp-json\/wp\/v2\/pages\/642","targetHints":{"allow":["GET"]}}],"collection":[{"href":"https:\/\/redlabeurope.com\/index.php\/wp-json\/wp\/v2\/pages"}],"about":[{"href":"https:\/\/redlabeurope.com\/index.php\/wp-json\/wp\/v2\/types\/page"}],"author":[{"embeddable":true,"href":"https:\/\/redlabeurope.com\/index.php\/wp-json\/wp\/v2\/users\/1"}],"replies":[{"embeddable":true,"href":"https:\/\/redlabeurope.com\/index.php\/wp-json\/wp\/v2\/comments?post=642"}],"version-history":[{"count":2,"href":"https:\/\/redlabeurope.com\/index.php\/wp-json\/wp\/v2\/pages\/642\/revisions"}],"predecessor-version":[{"id":645,"href":"https:\/\/redlabeurope.com\/index.php\/wp-json\/wp\/v2\/pages\/642\/revisions\/645"}],"wp:attachment":[{"href":"https:\/\/redlabeurope.com\/index.php\/wp-json\/wp\/v2\/media?parent=642"}],"curies":[{"name":"wp","href":"https:\/\/api.w.org\/{rel}","templated":true}]}}