{"id":280,"date":"2024-11-10T08:24:47","date_gmt":"2024-11-10T08:24:47","guid":{"rendered":"https:\/\/redlabeurope.com\/?page_id=280"},"modified":"2024-11-10T08:40:33","modified_gmt":"2024-11-10T08:40:33","slug":"politica-de-privacidad","status":"publish","type":"page","link":"https:\/\/redlabeurope.com\/index.php\/politica-de-privacidad\/","title":{"rendered":"Pol\u00edtica de Privacidad"},"content":{"rendered":"<p>[et_pb_section fb_built=\u00bb1&#8243; theme_builder_area=\u00bbpost_content\u00bb _builder_version=\u00bb4.27.2&#8243; _module_preset=\u00bbdefault\u00bb][et_pb_row _builder_version=\u00bb4.27.2&#8243; _module_preset=\u00bbdefault\u00bb theme_builder_area=\u00bbpost_content\u00bb][et_pb_column _builder_version=\u00bb4.27.2&#8243; _module_preset=\u00bbdefault\u00bb type=\u00bb4_4&#8243; theme_builder_area=\u00bbpost_content\u00bb][et_pb_text _builder_version=\u00bb4.27.2&#8243; _module_preset=\u00bbdefault\u00bb theme_builder_area=\u00bbpost_content\u00bb hover_enabled=\u00bb0&#8243; sticky_enabled=\u00bb0&#8243;]<\/p>\n<h1 class=\"p1\"><b>Pol\u00edtica de Protecci\u00f3n de Datos de RedLab Europe<\/b><\/h1>\n<p class=\"p1\">La presente Pol\u00edtica de Protecci\u00f3n de Datos de RedLab Europe se aplicar\u00e1 a la navegaci\u00f3n por nuestro sitio web, <a href=\"https:\/\/redlabeurope.com\/\">www.redlabeurope.com,<\/a> as\u00ed como a la compra de nuestros productos a trav\u00e9s del mismo.<\/p>\n<p class=\"p1\"><b>\u00bfQui\u00e9n es el responsable del tratamiento de sus datos personales?<\/b><\/p>\n<p class=\"p1\">RedLab Europe, con domicilio en Calle Arquitecto Rey Pedreira 6, Izquierdo, 15011 La Coru\u00f1a, es responsable del tratamiento de sus datos personales. Contacto: Mauricio Santos Ascanio Alves, correo electr\u00f3nico: info@redlabeurope.com (en adelante, RedLab Europe).<\/p>\n<p class=\"p1\"><b>Delegado de Protecci\u00f3n de Datos:<\/b><\/p>\n<p class=\"p1\">info@redlabeurope.com<\/p>\n<p class=\"p1\"><b>\u00bfQu\u00e9 datos personales recogemos sobre Ud.?<\/b><\/p>\n<p class=\"p3\"><span class=\"Apple-tab-span\"> <\/span>\u2022<span class=\"Apple-tab-span\"> <\/span><b>Datos de identificaci\u00f3n:<\/b> Nombre y apellidos, direcci\u00f3n postal y electr\u00f3nica, y tel\u00e9fono.<\/p>\n<p class=\"p3\"><span class=\"Apple-tab-span\"> <\/span>\u2022<span class=\"Apple-tab-span\"> <\/span><b>Informaci\u00f3n de pagos:<\/b> Los pagos de nuestros productos se gestionan a trav\u00e9s de la plataforma de la entidad RedSYS y PayPal (pasarelas de pago seguras), por lo que RedLab Europe no recoge datos personales de esta naturaleza.<\/p>\n<p class=\"p3\"><span class=\"Apple-tab-span\"> <\/span>\u2022<span class=\"Apple-tab-span\"> <\/span><b>Datos voluntarios:<\/b> Cualquier dato que Ud., de forma voluntaria, nos env\u00ede a nuestra direcci\u00f3n de correo electr\u00f3nico info@redlabeurope.com.<\/p>\n<p class=\"p3\"><span class=\"Apple-tab-span\"> <\/span>\u2022<span class=\"Apple-tab-span\"> <\/span><b>Redes sociales:<\/b> Cualquier informaci\u00f3n que Ud. comparta voluntariamente en nuestras redes sociales. Dicha informaci\u00f3n estar\u00e1 sujeta a la pol\u00edtica de privacidad de la red social en la que Ud. la comparta.<\/p>\n<p class=\"p1\"><b>\u00bfC\u00f3mo obtenemos sus datos personales?<\/b><\/p>\n<p class=\"p3\"><span class=\"Apple-tab-span\"> <\/span>\u2022<span class=\"Apple-tab-span\"> <\/span>Datos proporcionados al adquirir nuestros productos.<\/p>\n<p class=\"p3\"><span class=\"Apple-tab-span\"> <\/span>\u2022<span class=\"Apple-tab-span\"> <\/span>Datos enviados voluntariamente a info@redlabeurope.com.<\/p>\n<p class=\"p3\"><span class=\"Apple-tab-span\"> <\/span>\u2022<span class=\"Apple-tab-span\"> <\/span>Datos compartidos en nuestras redes sociales.<\/p>\n<p class=\"p1\"><b>\u00bfTratamos datos de menores?<\/b><\/p>\n<p class=\"p1\">La venta de nuestros productos no est\u00e1 dirigida a menores de edad. Menores de 16 a\u00f1os que deseen registrarse en nuestro sitio web o adquirir nuestros productos deber\u00e1n contar con autorizaci\u00f3n de padre\/madre\/tutor o representante legal. En caso de compartir im\u00e1genes de menores en nuestras redes sociales, aseg\u00farese de contar con autorizaci\u00f3n previa.<\/p>\n<p class=\"p1\"><b>\u00bfPara qu\u00e9 tratamos sus datos personales?<\/b><\/p>\n<p class=\"p1\">RedLab Europe podr\u00e1 tratar sus datos personales con las siguientes finalidades:<\/p>\n<p class=\"p3\"><span class=\"Apple-tab-span\"> <\/span>\u2022<span class=\"Apple-tab-span\"> <\/span>Proporcionarle la informaci\u00f3n solicitada sobre nuestros productos.<\/p>\n<p class=\"p3\"><span class=\"Apple-tab-span\"> <\/span>\u2022<span class=\"Apple-tab-span\"> <\/span>Darle de alta como usuario en nuestro sitio web.<\/p>\n<p class=\"p3\"><span class=\"Apple-tab-span\"> <\/span>\u2022<span class=\"Apple-tab-span\"> <\/span>Asegurar la correcta tramitaci\u00f3n de sus pedidos.<\/p>\n<p class=\"p3\"><span class=\"Apple-tab-span\"> <\/span>\u2022<span class=\"Apple-tab-span\"> <\/span>Usar nuestras redes sociales para publicitar productos de RedLab Europe, en cuyo caso Ud. consiente expresamente y nos autoriza a reproducirlos y comunicarlos p\u00fablicamente en dichas redes con las finalidades antes expresadas. Ud. podr\u00e1 revocar este consentimiento en cualquier momento enviando un correo a info@redlabeurope.com. Si no desea que sus datos sean tratados en redes sociales en los t\u00e9rminos expresados, le rogamos se abstenga de compartirlos.<\/p>\n<p class=\"p3\">En caso de que RedLab Europe necesite tratar sus datos para finalidades distintas, solicitaremos su consentimiento expreso, el cual podr\u00e1 revocar en cualquier momento.<\/p>\n<p class=\"p1\"><b>Boletines informativos y comunicaciones comerciales<\/b><\/p>\n<p class=\"p1\">RedLab Europe podr\u00e1 enviar boletines informativos y comunicaciones comerciales a aquellos usuarios que hayan otorgado previamente su consentimiento. El usuario podr\u00e1 solicitar el cese del env\u00edo de dichos boletines en los t\u00e9rminos de la Ley 34\/2002 y revocar su consentimiento enviando un correo a info@redlabeurope.com o d\u00e1ndose de baja en el pie de los boletines.<\/p>\n<p class=\"p1\"><b>\u00bfPor cu\u00e1nto tiempo conservamos sus datos?<\/b><\/p>\n<p class=\"p1\">Sus datos ser\u00e1n conservados mientras sea necesario para cumplir con las finalidades para los que fueron recogidos. Posteriormente, RedLab Europe los suprimir\u00e1 de sus sistemas, salvo en caso de conservarlos para el ejercicio y defensa de reclamaciones seg\u00fan la legislaci\u00f3n aplicable.<\/p>\n<p class=\"p1\"><b>\u00bfQu\u00e9 medidas de seguridad aplicamos al tratamiento de sus datos?<\/b><\/p>\n<p class=\"p1\">RedLab Europe aplica medidas de seguridad para garantizar la confidencialidad, disponibilidad y resiliencia de los sistemas de tratamiento de datos personales. Verificamos y evaluamos nuestras medidas t\u00e9cnicas y organizativas para asegurar la protecci\u00f3n de los datos personales en todo momento.<\/p>\n<p class=\"p1\"><b>\u00bfCu\u00e1les son sus derechos?<\/b><\/p>\n<p class=\"p1\">Ud. podr\u00e1 ejercitar los derechos que se indican a continuaci\u00f3n enviando un correo a info@redlabeurope.com:<\/p>\n<p class=\"p3\"><span class=\"Apple-tab-span\"> <\/span>\u2022<span class=\"Apple-tab-span\"> <\/span>Solicitar confirmaci\u00f3n sobre el tratamiento de sus datos personales.<\/p>\n<p class=\"p3\"><span class=\"Apple-tab-span\"> <\/span>\u2022<span class=\"Apple-tab-span\"> <\/span>Acceder a sus datos personales y solicitar su rectificaci\u00f3n o supresi\u00f3n.<\/p>\n<p class=\"p3\"><span class=\"Apple-tab-span\"> <\/span>\u2022<span class=\"Apple-tab-span\"> <\/span>Solicitar la limitaci\u00f3n del tratamiento de sus datos en ciertos casos.<\/p>\n<p class=\"p3\"><span class=\"Apple-tab-span\"> <\/span>\u2022<span class=\"Apple-tab-span\"> <\/span>Oponerse al tratamiento de sus datos.<\/p>\n<p class=\"p3\"><span class=\"Apple-tab-span\"> <\/span>\u2022<span class=\"Apple-tab-span\"> <\/span>Solicitar la portabilidad de sus datos.<\/p>\n<p class=\"p3\"><span class=\"Apple-tab-span\"> <\/span>\u2022<span class=\"Apple-tab-span\"> <\/span>Revocar el consentimiento otorgado para el tratamiento de sus datos.<\/p>\n<p class=\"p3\"><span class=\"Apple-tab-span\"> <\/span>\u2022<span class=\"Apple-tab-span\"> <\/span>Presentar una reclamaci\u00f3n ante la Agencia Espa\u00f1ola de Protecci\u00f3n de Datos.<\/p>\n<p>[\/et_pb_text][\/et_pb_column][\/et_pb_row][\/et_pb_section]<\/p>\n","protected":false},"excerpt":{"rendered":"<p>Pol\u00edtica de Protecci\u00f3n de Datos de RedLab Europe La presente Pol\u00edtica de Protecci\u00f3n de Datos de RedLab Europe se aplicar\u00e1 a la navegaci\u00f3n por nuestro sitio web, www.redlabeurope.com, as\u00ed como a la compra de nuestros productos a trav\u00e9s del mismo. \u00bfQui\u00e9n es el responsable del tratamiento de sus datos personales? RedLab Europe, con domicilio en [&hellip;]<\/p>\n","protected":false},"author":1,"featured_media":0,"parent":0,"menu_order":0,"comment_status":"closed","ping_status":"closed","template":"","meta":{"_et_pb_use_builder":"on","_et_pb_old_content":"","_et_gb_content_width":"","footnotes":""},"class_list":["post-280","page","type-page","status-publish","hentry"],"_links":{"self":[{"href":"https:\/\/redlabeurope.com\/index.php\/wp-json\/wp\/v2\/pages\/280","targetHints":{"allow":["GET"]}}],"collection":[{"href":"https:\/\/redlabeurope.com\/index.php\/wp-json\/wp\/v2\/pages"}],"about":[{"href":"https:\/\/redlabeurope.com\/index.php\/wp-json\/wp\/v2\/types\/page"}],"author":[{"embeddable":true,"href":"https:\/\/redlabeurope.com\/index.php\/wp-json\/wp\/v2\/users\/1"}],"replies":[{"embeddable":true,"href":"https:\/\/redlabeurope.com\/index.php\/wp-json\/wp\/v2\/comments?post=280"}],"version-history":[{"count":2,"href":"https:\/\/redlabeurope.com\/index.php\/wp-json\/wp\/v2\/pages\/280\/revisions"}],"predecessor-version":[{"id":638,"href":"https:\/\/redlabeurope.com\/index.php\/wp-json\/wp\/v2\/pages\/280\/revisions\/638"}],"wp:attachment":[{"href":"https:\/\/redlabeurope.com\/index.php\/wp-json\/wp\/v2\/media?parent=280"}],"curies":[{"name":"wp","href":"https:\/\/api.w.org\/{rel}","templated":true}]}}