{"id":158,"date":"2024-11-01T12:41:49","date_gmt":"2024-11-01T12:41:49","guid":{"rendered":"https:\/\/redlabeurope.com\/?page_id=158"},"modified":"2024-11-17T19:09:03","modified_gmt":"2024-11-17T19:09:03","slug":"capilar","status":"publish","type":"page","link":"https:\/\/redlabeurope.com\/index.php\/capilar\/","title":{"rendered":"CAPILAR"},"content":{"rendered":"<p>[et_pb_section fb_built=\u00bb1&#8243; admin_label=\u00bbHero\u00bb _builder_version=\u00bb4.27.2&#8243; background_image=\u00bbhttps:\/\/redlabeurope.com\/wp-content\/uploads\/2024\/10\/DISPONIBLE-EN-TIENDA-6.webp\u00bb custom_padding=\u00bb16vw||16vw|\u00bb bottom_divider_color=\u00bb#E7F0DC\u00bb global_colors_info=\u00bb{}\u00bb][et_pb_row _builder_version=\u00bb4.16&#8243; background_size=\u00bbinitial\u00bb background_position=\u00bbtop_left\u00bb background_repeat=\u00bbrepeat\u00bb global_colors_info=\u00bb{}\u00bb][et_pb_column type=\u00bb4_4&#8243; _builder_version=\u00bb4.16&#8243; custom_padding=\u00bb|||\u00bb global_colors_info=\u00bb{}\u00bb custom_padding__hover=\u00bb|||\u00bb][et_pb_cta title=\u00bbCapilar\u00bb button_url=\u00bb#top\u00bb _builder_version=\u00bb4.27.2&#8243; header_font=\u00bb&#8211;et_global_heading_font||||||||\u00bb header_text_color=\u00bb#FFFFFF\u00bb header_font_size=\u00bb80px\u00bb header_line_height=\u00bb1.3em\u00bb body_font=\u00bb&#8211;et_global_body_font|700|||||||\u00bb body_text_color=\u00bb#FFFFFF\u00bb body_font_size=\u00bb22px\u00bb body_line_height=\u00bb1.9em\u00bb use_background_color=\u00bboff\u00bb custom_button=\u00bbon\u00bb button_text_size=\u00bb16px\u00bb button_text_color=\u00bb#ffffff\u00bb button_bg_color=\u00bb#2f3854&#8243; button_border_width=\u00bb10px\u00bb button_border_color=\u00bbrgba(47,56,84,0)\u00bb button_border_radius=\u00bb60px\u00bb button_letter_spacing=\u00bb1px\u00bb button_font=\u00bbMontserrat|700||on|||||\u00bb button_use_icon=\u00bboff\u00bb background_layout=\u00bblight\u00bb animation_style=\u00bbzoom\u00bb animation_direction=\u00bbbottom\u00bb animation_intensity_zoom=\u00bb10%\u00bb header_font_size_tablet=\u00bb\u00bb header_font_size_phone=\u00bb50px\u00bb header_font_size_last_edited=\u00bbon|phone\u00bb button_text_color_hover=\u00bb#ffffff\u00bb button_border_radius_hover=\u00bb66px\u00bb button_letter_spacing_hover=\u00bb1px\u00bb button_bg_color_hover=\u00bbrgba(47,56,84,0.9)\u00bb global_colors_info=\u00bb{}\u00bb button_text_size__hover_enabled=\u00bboff\u00bb button_one_text_size__hover_enabled=\u00bboff\u00bb button_two_text_size__hover_enabled=\u00bboff\u00bb button_text_color__hover_enabled=\u00bbon\u00bb button_text_color__hover=\u00bb#ffffff\u00bb button_one_text_color__hover_enabled=\u00bboff\u00bb button_two_text_color__hover_enabled=\u00bboff\u00bb button_border_width__hover_enabled=\u00bboff\u00bb button_one_border_width__hover_enabled=\u00bboff\u00bb button_two_border_width__hover_enabled=\u00bboff\u00bb button_border_color__hover_enabled=\u00bboff\u00bb button_one_border_color__hover_enabled=\u00bboff\u00bb button_two_border_color__hover_enabled=\u00bboff\u00bb button_border_radius__hover_enabled=\u00bbon\u00bb button_border_radius__hover=\u00bb66px\u00bb button_one_border_radius__hover_enabled=\u00bboff\u00bb button_two_border_radius__hover_enabled=\u00bboff\u00bb button_letter_spacing__hover_enabled=\u00bbon\u00bb button_letter_spacing__hover=\u00bb1px\u00bb button_one_letter_spacing__hover_enabled=\u00bboff\u00bb button_two_letter_spacing__hover_enabled=\u00bboff\u00bb button_bg_color__hover_enabled=\u00bbon\u00bb button_bg_color__hover=\u00bbrgba(47,56,84,0.9)\u00bb button_one_bg_color__hover_enabled=\u00bboff\u00bb button_two_bg_color__hover_enabled=\u00bboff\u00bb]<\/p>\n<p>Beauty &amp; Cosmetic Products<\/p>\n<p>[\/et_pb_cta][\/et_pb_column][\/et_pb_row][\/et_pb_section][et_pb_section fb_built=\u00bb1&#8243; _builder_version=\u00bb4.27.3&#8243; _module_preset=\u00bbdefault\u00bb custom_padding=\u00bb||0px||false|false\u00bb top_divider_color=\u00bb#E7F0DC\u00bb top_divider_height=\u00bb49px\u00bb top_divider_height_phone=\u00bb27px\u00bb top_divider_height_last_edited=\u00bboff|phone\u00bb bottom_divider_color=\u00bb#E7F0DC\u00bb global_colors_info=\u00bb{}\u00bb][et_pb_row column_structure=\u00bb1_2,1_2&#8243; _builder_version=\u00bb4.27.2&#8243; _module_preset=\u00bbdefault\u00bb custom_margin=\u00bb19px||||false|false\u00bb custom_padding=\u00bb87px|||||\u00bb global_colors_info=\u00bb{}\u00bb][et_pb_column type=\u00bb1_2&#8243; _builder_version=\u00bb4.27.2&#8243; _module_preset=\u00bbdefault\u00bb global_colors_info=\u00bb{}\u00bb][et_pb_cta title=\u00bbAlisado Profesional y Control del Frizz Duradero\u00bb button_text=\u00bbClics\u00bb _builder_version=\u00bb4.27.3&#8243; _module_preset=\u00bbdefault\u00bb header_font=\u00bb&#8211;et_global_heading_font||||||||\u00bb header_text_color=\u00bb#000000&#8243; header_font_size=\u00bb30px\u00bb body_text_color=\u00bb#000000&#8243; background_color=\u00bb#E7F0DC\u00bb global_colors_info=\u00bb{}\u00bb]<\/p>\n<p>En <b>RedLab Europe<\/b>, formulamos productos de <b>alisado<\/b> y <b>anti-frizz<\/b> con ingredientes de alto rendimiento y mol\u00e9culas avanzadas que suavizan y controlan el frizz de manera duradera. Estos componentes penetran en la fibra capilar, creando un acabado liso y manejable que se mantiene en el tiempo. Cada f\u00f3rmula est\u00e1 dise\u00f1ada para ofrecer un resultado efectivo y prolongado, cuidando la estructura del cabello.<\/p>\n<p>[\/et_pb_cta][et_pb_image src=\u00bbhttps:\/\/redlabeurope.com\/wp-content\/uploads\/2024\/11\/ISTAGRAM-REB-LAB-7.png\u00bb title_text=\u00bbISTAGRAM REB LAB (7)\u00bb _builder_version=\u00bb4.27.2&#8243; _module_preset=\u00bbdefault\u00bb custom_margin=\u00bb0px||||false|false\u00bb custom_padding=\u00bb0px||0px||false|false\u00bb global_colors_info=\u00bb{}\u00bb][\/et_pb_image][\/et_pb_column][et_pb_column type=\u00bb1_2&#8243; _builder_version=\u00bb4.27.2&#8243; _module_preset=\u00bbdefault\u00bb global_colors_info=\u00bb{}\u00bb][et_pb_image src=\u00bbhttps:\/\/redlabeurope.com\/wp-content\/uploads\/2024\/11\/Diseno-sin-titulo-70.webp\u00bb title_text=\u00bbDisen\u0303o sin ti\u0301tulo (70)\u00bb _builder_version=\u00bb4.27.2&#8243; _module_preset=\u00bbdefault\u00bb global_colors_info=\u00bb{}\u00bb][\/et_pb_image][et_pb_accordion closed_toggle_background_color=\u00bb#E7F0DC\u00bb _builder_version=\u00bb4.27.2&#8243; _module_preset=\u00bbdefault\u00bb global_colors_info=\u00bb{}\u00bb][et_pb_accordion_item title=\u00bb1. \u00bfCu\u00e1ntos tipos de alisado ofrecen?\u00bb open=\u00bbon\u00bb _builder_version=\u00bb4.27.2&#8243; _module_preset=\u00bbdefault\u00bb global_colors_info=\u00bb{}\u00bb]<\/p>\n<p class=\"p1\"><span class=\"Apple-tab-span\"> <\/span>\u2022<span class=\"Apple-tab-span\"> <\/span><b>Alisado vegano<\/b>: Formulaci\u00f3n sin ingredientes de origen animal.<\/p>\n<p class=\"p1\"><span class=\"Apple-tab-span\"> <\/span>\u2022<span class=\"Apple-tab-span\"> <\/span><b>Alisado de taninos<\/b>: Alisado natural que repara y fortalece la estructura del cabello.<\/p>\n<p class=\"p1\"><span class=\"Apple-tab-span\"> <\/span>\u2022<span class=\"Apple-tab-span\"> <\/span><b>Alisado antiamarillo<\/b>: Ideal para cabellos rubios o decolorados, neutraliza tonos amarillos no deseados.<\/p>\n<p class=\"p1\"><span class=\"Apple-tab-span\"> <\/span>\u2022<span class=\"Apple-tab-span\"> <\/span><b>Alisado cl\u00e1sico<\/b>: Para un acabado liso y manejable, con resultados profesionales.<\/p>\n<p>[\/et_pb_accordion_item][et_pb_accordion_item title=\u00bb2. \u00bfQu\u00e9 opciones de anti-frizz ofrecen?\u00bb _builder_version=\u00bb4.27.2&#8243; _module_preset=\u00bbdefault\u00bb global_colors_info=\u00bb{}\u00bb open=\u00bboff\u00bb]<\/p>\n<p class=\"p1\">Para el control del frizz, contamos con <b>dos tipos de tratamientos<\/b> anti-frizz:<\/p>\n<p class=\"p3\">\u2022<span class=\"Apple-tab-span\"> <\/span><b>Anti-frizz de 6 semanas<\/b>: Un tratamiento duradero para mantener el cabello libre de frizz durante m\u00e1s de un mes.<\/p>\n<p class=\"p3\">\u2022<span class=\"Apple-tab-span\"> <\/span><b>Anti-frizz de 12 semanas<\/b>: Ofrece una duraci\u00f3n extendida, ideal para quienes desean un control prolongado del frizz.<\/p>\n<p>[\/et_pb_accordion_item][\/et_pb_accordion][et_pb_button button_text=\u00bbIr al Paso a paso\u00bb _builder_version=\u00bb4.27.3&#8243; _module_preset=\u00bbdefault\u00bb button_url=\u00bbhttps:\/\/redlabeurope.com\/index.php\/paso-a-paso\/\u00bb hover_enabled=\u00bb0&#8243; sticky_enabled=\u00bb0&#8243; custom_button=\u00bbon\u00bb button_text_color=\u00bb#FFFFFF\u00bb button_alignment=\u00bbcenter\u00bb button_bg_color=\u00bb#000000&#8243; button_bg_enable_color=\u00bbon\u00bb button_border_radius=\u00bb31px\u00bb button_letter_spacing=\u00bb0px\u00bb button_text_size_last_edited=\u00bbon|desktop\u00bb button_text_size_phone=\u00bb15px\u00bb][\/et_pb_button][\/et_pb_column][\/et_pb_row][\/et_pb_section][et_pb_section fb_built=\u00bb1&#8243; _builder_version=\u00bb4.27.2&#8243; _module_preset=\u00bbdefault\u00bb custom_margin=\u00bb0px||0px||false|false\u00bb custom_padding=\u00bb0px||15px||false|false\u00bb global_colors_info=\u00bb{}\u00bb][et_pb_row column_structure=\u00bb1_2,1_2&#8243; _builder_version=\u00bb4.27.2&#8243; _module_preset=\u00bbdefault\u00bb custom_margin=\u00bb0px||0px||false|false\u00bb custom_padding=\u00bb0px||0px||false|false\u00bb global_colors_info=\u00bb{}\u00bb][et_pb_column type=\u00bb1_2&#8243; _builder_version=\u00bb4.27.2&#8243; _module_preset=\u00bbdefault\u00bb global_colors_info=\u00bb{}\u00bb][et_pb_image src=\u00bbhttps:\/\/redlabeurope.com\/wp-content\/uploads\/2024\/11\/ISTAGRAM-REB-LAB-4.webp\u00bb title_text=\u00bbISTAGRAM REB LAB (4)\u00bb _builder_version=\u00bb4.27.2&#8243; _module_preset=\u00bbdefault\u00bb custom_margin=\u00bb0px||0px||false|false\u00bb custom_padding=\u00bb0px||0px||false|false\u00bb global_colors_info=\u00bb{}\u00bb][\/et_pb_image][et_pb_cta title=\u00bbTratamientos Intensivos para Todo Tipo de Cabello\u00bb _builder_version=\u00bb4.27.3&#8243; _module_preset=\u00bbdefault\u00bb header_text_color=\u00bb#000000&#8243; header_font_size=\u00bb26px\u00bb body_text_color=\u00bb#000000&#8243; background_color=\u00bb#63ACAC\u00bb global_colors_info=\u00bb{}\u00bb]<\/p>\n<p class=\"p1\">En <b>RedLab Europe<\/b>, ofrecemos tratamientos intensivos formulados para satisfacer las necesidades de todo tipo de cabello: te\u00f1ido, seco, con frizz y m\u00e1s. Estos productos proporcionan nutrici\u00f3n profunda, restaurando brillo y suavidad, mientras protegen y fortalecen cada hebra. Con ingredientes de alta calidad, nuestros tratamientos aseguran un cabello manejable, saludable y protegido.<\/p>\n<p>[\/et_pb_cta][et_pb_button button_url=\u00bbhttps:\/\/redlabeurope.com\/index.php\/paso-a-paso\/\u00bb button_text=\u00bbIr al Paso a paso\u00bb button_alignment=\u00bbcenter\u00bb _builder_version=\u00bb4.27.3&#8243; _module_preset=\u00bbdefault\u00bb custom_button=\u00bbon\u00bb button_text_color=\u00bb#FFFFFF\u00bb button_bg_color=\u00bb#000000&#8243; button_border_radius=\u00bb31px\u00bb button_letter_spacing=\u00bb0px\u00bb button_text_size_tablet=\u00bb\u00bb button_text_size_phone=\u00bb15px\u00bb button_text_size_last_edited=\u00bbon|desktop\u00bb global_colors_info=\u00bb{}\u00bb theme_builder_area=\u00bbpost_content\u00bb][\/et_pb_button][\/et_pb_column][et_pb_column type=\u00bb1_2&#8243; _builder_version=\u00bb4.27.2&#8243; _module_preset=\u00bbdefault\u00bb global_colors_info=\u00bb{}\u00bb][et_pb_image src=\u00bbhttps:\/\/redlabeurope.com\/wp-content\/uploads\/2024\/11\/5.webp\u00bb title_text=\u00bb5&#8243; _builder_version=\u00bb4.27.2&#8243; _module_preset=\u00bbdefault\u00bb custom_margin=\u00bb0px||0px||false|false\u00bb custom_padding=\u00bb0px||0px||false|false\u00bb global_colors_info=\u00bb{}\u00bb][\/et_pb_image][et_pb_cta title=\u00bbSoluciones para Caspa, Grasa y Ca\u00edda\u00bb button_text=\u00bbClics\u00bb _builder_version=\u00bb4.27.3&#8243; _module_preset=\u00bbdefault\u00bb header_text_color=\u00bb#000000&#8243; body_text_color=\u00bb#000000&#8243; background_color=\u00bb#FFF7D1&#8243; global_colors_info=\u00bb{}\u00bb]<\/p>\n<p class=\"p1\">En <b>RedLab Europe<\/b>, creamos productos espec\u00edficos para los problemas del cuero cabelludo y el cabello, como caspa, grasa y ca\u00edda. Nuestras formulaciones europeas, desarrolladas con ingredientes de calidad, equilibran y fortalecen desde la ra\u00edz, proporcionando resultados duraderos. Cada tratamiento est\u00e1 dise\u00f1ado para mejorar la salud capilar, logrando un cabello m\u00e1s fuerte, sano y cuidado.<\/p>\n<p>[\/et_pb_cta][et_pb_button button_url=\u00bbhttps:\/\/redlabeurope.com\/index.php\/paso-a-paso\/\u00bb button_text=\u00bbIr al Paso a paso\u00bb button_alignment=\u00bbcenter\u00bb _builder_version=\u00bb4.27.3&#8243; _module_preset=\u00bbdefault\u00bb custom_button=\u00bbon\u00bb button_text_color=\u00bb#FFFFFF\u00bb button_bg_color=\u00bb#000000&#8243; button_border_radius=\u00bb31px\u00bb button_letter_spacing=\u00bb0px\u00bb button_text_size_tablet=\u00bb\u00bb button_text_size_phone=\u00bb15px\u00bb button_text_size_last_edited=\u00bbon|desktop\u00bb global_colors_info=\u00bb{}\u00bb theme_builder_area=\u00bbpost_content\u00bb][\/et_pb_button][\/et_pb_column][\/et_pb_row][\/et_pb_section][et_pb_section fb_built=\u00bb1&#8243; _builder_version=\u00bb4.27.3&#8243; _module_preset=\u00bbdefault\u00bb global_colors_info=\u00bb{}\u00bb][et_pb_row column_structure=\u00bb1_2,1_2&#8243; _builder_version=\u00bb4.27.3&#8243; _module_preset=\u00bbdefault\u00bb global_colors_info=\u00bb{}\u00bb][et_pb_column type=\u00bb1_2&#8243; _builder_version=\u00bb4.27.3&#8243; _module_preset=\u00bbdefault\u00bb background_color=\u00bb#FFC5C5&#8243; global_colors_info=\u00bb{}\u00bb][et_pb_image src=\u00bbhttps:\/\/redlabeurope.com\/wp-content\/uploads\/2024\/11\/piel-y-rostro-red-lab-4.webp\u00bb title_text=\u00bbpiel y rostro red lab (4)\u00bb _builder_version=\u00bb4.27.3&#8243; _module_preset=\u00bbdefault\u00bb background_color=\u00bb#FFFFFF\u00bb global_colors_info=\u00bb{}\u00bb][\/et_pb_image][\/et_pb_column][et_pb_column type=\u00bb1_2&#8243; _builder_version=\u00bb4.27.3&#8243; _module_preset=\u00bbdefault\u00bb global_colors_info=\u00bb{}\u00bb][et_pb_text _builder_version=\u00bb4.27.3&#8243; _module_preset=\u00bbdefault\u00bb header_2_font_size=\u00bb30px\u00bb custom_margin=\u00bb105px||||false|false\u00bb global_colors_info=\u00bb{}\u00bb]<\/p>\n<h2 class=\"p1\"><b>El c\u00f3ctel de vitaminas capilares m\u00e1s completo en formato de deliciosas gomitas<\/b><\/h2>\n<p class=\"p1\">Ofrecemos la fabricaci\u00f3n de nuestras gummies capilares, una f\u00f3rmula innovadora y deliciosa, ahora disponible para crear tu propia marca. Estas gomitas, compuestas por m\u00e1s de 8 vitaminas esenciales (Vitamina A, D2, E, C, B5, B6, B7, B12, \u00c1cido F\u00f3lico, est\u00e1n dise\u00f1adas para aportar todos los nutrientes que el cabello necesita para mantenerse fuerte, saludable y con brillo.<\/p>\n<p>[\/et_pb_text][et_pb_button button_url=\u00bbhttps:\/\/redlabeurope.com\/index.php\/paso-a-paso\/\u00bb button_text=\u00bbIr al Paso a paso\u00bb button_alignment=\u00bbcenter\u00bb _builder_version=\u00bb4.27.3&#8243; _module_preset=\u00bbdefault\u00bb custom_button=\u00bbon\u00bb button_text_color=\u00bb#FFFFFF\u00bb button_bg_color=\u00bb#000000&#8243; button_border_radius=\u00bb31px\u00bb button_letter_spacing=\u00bb0px\u00bb button_text_size_tablet=\u00bb\u00bb button_text_size_phone=\u00bb15px\u00bb button_text_size_last_edited=\u00bbon|desktop\u00bb global_colors_info=\u00bb{}\u00bb theme_builder_area=\u00bbpost_content\u00bb][\/et_pb_button][\/et_pb_column][\/et_pb_row][\/et_pb_section][et_pb_section fb_built=\u00bb1&#8243; _builder_version=\u00bb4.27.3&#8243; _module_preset=\u00bbdefault\u00bb background_color=\u00bb#e0e0e0&#8243; global_colors_info=\u00bb{}\u00bb][et_pb_row column_structure=\u00bb3_5,2_5&#8243; _builder_version=\u00bb4.27.3&#8243; _module_preset=\u00bbdefault\u00bb custom_margin=\u00bb0px||0px||false|false\u00bb custom_padding=\u00bb0px||0px||false|false\u00bb hover_enabled=\u00bb0&#8243; global_colors_info=\u00bb{}\u00bb sticky_enabled=\u00bb0&#8243;][et_pb_column type=\u00bb3_5&#8243; _builder_version=\u00bb4.27.2&#8243; _module_preset=\u00bbdefault\u00bb global_colors_info=\u00bb{}\u00bb][et_pb_text _builder_version=\u00bb4.27.3&#8243; _module_preset=\u00bbdefault\u00bb header_font=\u00bb&#8211;et_global_heading_font||||||||\u00bb custom_margin=\u00bb85px||||false|false\u00bb global_colors_info=\u00bb{}\u00bb]<\/p>\n<h1 class=\"p1\"><b>Productos Esenciales para Barber\u00eda<\/b><\/h1>\n<p class=\"p1\">En <b>RedLab Europe<\/b>, dise\u00f1amos productos de barber\u00eda formulados para satisfacer las necesidades de cuidado y estilo masculino, brindando soluciones de calidad profesional en cada aplicaci\u00f3n. Desde productos de afeitado hasta f\u00f3rmulas de estilizado, cada uno de nuestros tratamientos est\u00e1 pensado para ofrecer resultados duraderos, cuidando la salud del cabello y la piel. Ideales para barber\u00edas que buscan el equilibrio perfecto entre rendimiento y cuidado.<\/p>\n<p>[\/et_pb_text][\/et_pb_column][et_pb_column type=\u00bb2_5&#8243; _builder_version=\u00bb4.27.3&#8243; _module_preset=\u00bbdefault\u00bb background_color=\u00bbRGBA(255,255,255,0)\u00bb hover_enabled=\u00bb0&#8243; global_colors_info=\u00bb{}\u00bb sticky_enabled=\u00bb0&#8243;][et_pb_image src=\u00bbhttps:\/\/redlabeurope.com\/wp-content\/uploads\/2024\/11\/piel-y-rostro-red-lab-5.webp\u00bb title_text=\u00bbpiel y rostro red lab (5)\u00bb _builder_version=\u00bb4.27.3&#8243; _module_preset=\u00bbdefault\u00bb custom_margin=\u00bb0px||0px||false|false\u00bb custom_padding=\u00bb0px||0px||false|false\u00bb hover_enabled=\u00bb0&#8243; border_radii=\u00bbon|10px|10px|10px|10px\u00bb global_colors_info=\u00bb{}\u00bb sticky_enabled=\u00bb0&#8243;][\/et_pb_image][et_pb_button button_url=\u00bbhttps:\/\/redlabeurope.com\/index.php\/paso-a-paso\/\u00bb button_text=\u00bbIr al Paso a paso\u00bb button_alignment=\u00bbcenter\u00bb _builder_version=\u00bb4.27.3&#8243; _module_preset=\u00bbdefault\u00bb custom_button=\u00bbon\u00bb button_text_color=\u00bb#FFFFFF\u00bb button_bg_color=\u00bb#000000&#8243; button_border_radius=\u00bb31px\u00bb button_letter_spacing=\u00bb0px\u00bb hover_enabled=\u00bb0&#8243; button_text_size_tablet=\u00bb\u00bb button_text_size_phone=\u00bb15px\u00bb button_text_size_last_edited=\u00bbon|desktop\u00bb global_colors_info=\u00bb{}\u00bb theme_builder_area=\u00bbpost_content\u00bb sticky_enabled=\u00bb0&#8243;][\/et_pb_button][\/et_pb_column][\/et_pb_row][\/et_pb_section][et_pb_section fb_built=\u00bb1&#8243; admin_label=\u00bbSubscribe\u00bb _builder_version=\u00bb4.27.3&#8243; background_color=\u00bbRGBA(255,255,255,0)\u00bb use_background_color_gradient=\u00bbon\u00bb background_color_gradient_stops=\u00bb#ffffff 0%|rgba(255,255,255,0) 30%\u00bb background_color_gradient_overlays_image=\u00bbon\u00bb background_color_gradient_start=\u00bb#ffffff\u00bb background_color_gradient_end=\u00bbrgba(255,255,255,0)\u00bb background_color_gradient_end_position=\u00bb30%\u00bb background_image=\u00bbhttps:\/\/redlabeurope.com\/wp-content\/uploads\/2024\/10\/DISPONIBLE-EN-TIENDA-5.png\u00bb min_height=\u00bb741.2px\u00bb min_height_tablet=\u00bb741.2px\u00bb min_height_phone=\u00bb741.2px\u00bb min_height_last_edited=\u00bbon|phone\u00bb custom_padding=\u00bb100px|0px|30vw|0px\u00bb animation_style=\u00bbslide\u00bb animation_direction=\u00bbbottom\u00bb animation_duration=\u00bb1250ms\u00bb animation_intensity_slide=\u00bb1%\u00bb saved_tabs=\u00bball\u00bb global_colors_info=\u00bb{}\u00bb][et_pb_row _builder_version=\u00bb4.16&#8243; global_colors_info=\u00bb{}\u00bb][et_pb_column type=\u00bb4_4&#8243; _builder_version=\u00bb4.16&#8243; custom_padding=\u00bb|||\u00bb global_colors_info=\u00bb{}\u00bb custom_padding__hover=\u00bb|||\u00bb][et_pb_text _builder_version=\u00bb4.27.2&#8243; text_font=\u00bb&#8211;et_global_body_font|500|||||||\u00bb text_text_color=\u00bb#000000&#8243; text_font_size=\u00bb16px\u00bb text_line_height=\u00bb1.9em\u00bb header_font=\u00bb||||||||\u00bb header_2_font=\u00bbYeseva One||||||||\u00bb header_2_font_size=\u00bb50px\u00bb header_2_line_height=\u00bb1.3em\u00bb text_orientation=\u00bbcenter\u00bb max_width=\u00bb700px\u00bb module_alignment=\u00bbcenter\u00bb global_colors_info=\u00bb{}\u00bb]<\/p>\n<h1 class=\"p1\"><b>Transforma ideas en f\u00f3rmulas \u00fanicas para tu marca<\/b><\/h1>\n<p class=\"p1\"><b>llevamos tus ideas al laboratorio para crear f\u00f3rmulas exclusivas.<\/b><\/p>\n<p>[\/et_pb_text][\/et_pb_column][\/et_pb_row][\/et_pb_section]<\/p>\n","protected":false},"excerpt":{"rendered":"<p>Beauty &amp; Cosmetic ProductsEn RedLab Europe, formulamos productos de alisado y anti-frizz con ingredientes de alto rendimiento y mol\u00e9culas avanzadas que suavizan y controlan el frizz de manera duradera. Estos componentes penetran en la fibra capilar, creando un acabado liso y manejable que se mantiene en el tiempo. Cada f\u00f3rmula est\u00e1 dise\u00f1ada para ofrecer un [&hellip;]<\/p>\n","protected":false},"author":1,"featured_media":0,"parent":0,"menu_order":0,"comment_status":"closed","ping_status":"closed","template":"","meta":{"_et_pb_use_builder":"on","_et_pb_old_content":"","_et_gb_content_width":"","footnotes":""},"class_list":["post-158","page","type-page","status-publish","hentry"],"_links":{"self":[{"href":"https:\/\/redlabeurope.com\/index.php\/wp-json\/wp\/v2\/pages\/158","targetHints":{"allow":["GET"]}}],"collection":[{"href":"https:\/\/redlabeurope.com\/index.php\/wp-json\/wp\/v2\/pages"}],"about":[{"href":"https:\/\/redlabeurope.com\/index.php\/wp-json\/wp\/v2\/types\/page"}],"author":[{"embeddable":true,"href":"https:\/\/redlabeurope.com\/index.php\/wp-json\/wp\/v2\/users\/1"}],"replies":[{"embeddable":true,"href":"https:\/\/redlabeurope.com\/index.php\/wp-json\/wp\/v2\/comments?post=158"}],"version-history":[{"count":41,"href":"https:\/\/redlabeurope.com\/index.php\/wp-json\/wp\/v2\/pages\/158\/revisions"}],"predecessor-version":[{"id":868,"href":"https:\/\/redlabeurope.com\/index.php\/wp-json\/wp\/v2\/pages\/158\/revisions\/868"}],"wp:attachment":[{"href":"https:\/\/redlabeurope.com\/index.php\/wp-json\/wp\/v2\/media?parent=158"}],"curies":[{"name":"wp","href":"https:\/\/api.w.org\/{rel}","templated":true}]}}